{"id":10,"date":"2015-02-07T16:48:24","date_gmt":"2015-02-07T16:48:24","guid":{"rendered":"https:\/\/club-d-affaires.de\/de\/?page_id=10"},"modified":"2025-11-28T08:49:37","modified_gmt":"2025-11-28T08:49:37","slug":"ueber-uns","status":"publish","type":"page","link":"https:\/\/club-d-affaires.de\/de\/ueber-uns\/","title":{"rendered":"\u00dcber uns"},"content":{"rendered":"<p>Der Club d\u2019affaires steht in einer Linie mit der Entwicklung der deutsch-franz\u00f6sischen Freundschaft seit dem Elysee-Vertrag von 1963. Bereits in den 1970er Jahren haben sich mit Unterst\u00fctzung des franz\u00f6sischen Generalkonsulats in Stuttgart deutsche und franz\u00f6sische Gesch\u00e4ftsleute, die in Baden-W\u00fcrttemberg t\u00e4tig waren, zu einer Initiative zusammengeschlossen und ein gemeinsames Forum geschaffen um bilaterale Themen zu diskutieren und den Erfahrungs- und Informationstausch zu pflegen. Hieraus ist der Club d\u2019affaires franco-allemand du Bade-Wurtemberg e.V. entstanden, der 1985 ins Vereinsregister eingetragen wurde.<\/p>\n<p>&nbsp;<\/p>\n<p>Sowohl auf Mitglieder- als auch auf Vorstandsebene ist der Club gepr\u00e4gt vom Zusammenwirken von Franzosen und Deutschen. Die beiden Pr\u00e4sidenten des Clubs sollen bereits kraft der Satzung unterschiedliche Staatsangeh\u00f6rigkeiten haben, unter den \u00fcbrigen Vorst\u00e4nden sind deutsche und franz\u00f6sische Mitglieder und bei den Veranstaltungen h\u00f6rt man regelm\u00e4\u00dfig beide Sprachen \u2013 manchmal wechselt die Sprache sogar mehrfach innerhalb eines Gespr\u00e4ches.<\/p>\n<p>&nbsp;<\/p>\n<p>Der Club d\u2019affaires hat sich in den letzten Jahrzehnten einen festen Platz bei den Veranstaltungen in Stuttgart und im \u00fcbrigen Baden-W\u00fcrttemberg erarbeitet. Kontakte bestehen zu den Entscheidungstr\u00e4gern in vielen Unternehmen, die beiderseits des Rheins t\u00e4tig sind. Mit dem Generalkonsul der Republik Frankreich, der der Schirmherr des Club d\u2019affaires ist, besteht eine enge Kooperation.<\/p>\n","protected":false},"excerpt":{"rendered":"<p>Der Club d\u2019affaires steht in einer Linie mit der Entwicklung der deutsch-franz\u00f6sischen Freundschaft seit dem Elysee-Vertrag von 1963. Bereits in den 1970er Jahren haben sich mit Unterst\u00fctzung des franz\u00f6sischen Generalkonsulats in Stuttgart deutsche und franz\u00f6sische Gesch\u00e4ftsleute, die in Baden-W\u00fcrttemberg t\u00e4tig waren, zu einer Initiative zusammengeschlossen und ein gemeinsames Forum geschaffen um bilaterale Themen zu diskutieren [&hellip;]<\/p>\n","protected":false},"author":1,"featured_media":0,"parent":0,"menu_order":2,"comment_status":"closed","ping_status":"closed","template":"tpl-leclub.php","meta":{"footnotes":""},"class_list":["post-10","page","type-page","status-publish","hentry"],"_links":{"self":[{"href":"https:\/\/club-d-affaires.de\/de\/wp-json\/wp\/v2\/pages\/10","targetHints":{"allow":["GET"]}}],"collection":[{"href":"https:\/\/club-d-affaires.de\/de\/wp-json\/wp\/v2\/pages"}],"about":[{"href":"https:\/\/club-d-affaires.de\/de\/wp-json\/wp\/v2\/types\/page"}],"author":[{"embeddable":true,"href":"https:\/\/club-d-affaires.de\/de\/wp-json\/wp\/v2\/users\/1"}],"replies":[{"embeddable":true,"href":"https:\/\/club-d-affaires.de\/de\/wp-json\/wp\/v2\/comments?post=10"}],"version-history":[{"count":4,"href":"https:\/\/club-d-affaires.de\/de\/wp-json\/wp\/v2\/pages\/10\/revisions"}],"predecessor-version":[{"id":40,"href":"https:\/\/club-d-affaires.de\/de\/wp-json\/wp\/v2\/pages\/10\/revisions\/40"}],"wp:attachment":[{"href":"https:\/\/club-d-affaires.de\/de\/wp-json\/wp\/v2\/media?parent=10"}],"curies":[{"name":"wp","href":"https:\/\/api.w.org\/{rel}","templated":true}]}}