{"id":17,"date":"2015-02-08T06:24:46","date_gmt":"2015-02-08T06:24:46","guid":{"rendered":"https:\/\/club-d-affaires.de\/de\/?page_id=17"},"modified":"2026-01-18T16:35:37","modified_gmt":"2026-01-18T16:35:37","slug":"mitglieder","status":"publish","type":"page","link":"https:\/\/club-d-affaires.de\/de\/mitglieder\/","title":{"rendered":"Mitglieder"},"content":{"rendered":"<p>Der Club d&#8217;affaires franco-allemand du Bade-Wurtemberg e. V. ist parteipolitisch unabh\u00e4ngig und nicht konfessionsgebunden. Ordentliches Mitglied kann jede nat\u00fcrliche Person \u00fcber 18 Jahre oder juristische Person werden, die den Zweck des Vereins zu unterst\u00fctzen oder zu f\u00f6rdern bereit ist.<\/p>\n<p>&nbsp;<\/p>\n<p>Ganz gleich, ob Sie als Firmeninhaber, Angestellter oder Freiberufler wirtschaftliche Interessen verfolgen oder ob Sie als Privatperson ganz allgemein deutsch-franz\u00f6sische Kontakte suchen:<\/p>\n<p>&nbsp;<\/p>\n<p>Wir hei\u00dfen Sie herzlich willkommen!<\/p>\n","protected":false},"excerpt":{"rendered":"<p>Der Club d&#8217;affaires franco-allemand du Bade-Wurtemberg e. V. ist parteipolitisch unabh\u00e4ngig und nicht konfessionsgebunden. Ordentliches Mitglied kann jede nat\u00fcrliche Person \u00fcber 18 Jahre oder juristische Person werden, die den Zweck des Vereins zu unterst\u00fctzen oder zu f\u00f6rdern bereit ist. &nbsp; Ganz gleich, ob Sie als Firmeninhaber, Angestellter oder Freiberufler wirtschaftliche Interessen verfolgen oder ob Sie [&hellip;]<\/p>\n","protected":false},"author":1,"featured_media":0,"parent":0,"menu_order":3,"comment_status":"closed","ping_status":"closed","template":"tpl-membres.php","meta":{"footnotes":""},"class_list":["post-17","page","type-page","status-publish","hentry"],"_links":{"self":[{"href":"https:\/\/club-d-affaires.de\/de\/wp-json\/wp\/v2\/pages\/17","targetHints":{"allow":["GET"]}}],"collection":[{"href":"https:\/\/club-d-affaires.de\/de\/wp-json\/wp\/v2\/pages"}],"about":[{"href":"https:\/\/club-d-affaires.de\/de\/wp-json\/wp\/v2\/types\/page"}],"author":[{"embeddable":true,"href":"https:\/\/club-d-affaires.de\/de\/wp-json\/wp\/v2\/users\/1"}],"replies":[{"embeddable":true,"href":"https:\/\/club-d-affaires.de\/de\/wp-json\/wp\/v2\/comments?post=17"}],"version-history":[{"count":4,"href":"https:\/\/club-d-affaires.de\/de\/wp-json\/wp\/v2\/pages\/17\/revisions"}],"predecessor-version":[{"id":43,"href":"https:\/\/club-d-affaires.de\/de\/wp-json\/wp\/v2\/pages\/17\/revisions\/43"}],"wp:attachment":[{"href":"https:\/\/club-d-affaires.de\/de\/wp-json\/wp\/v2\/media?parent=17"}],"curies":[{"name":"wp","href":"https:\/\/api.w.org\/{rel}","templated":true}]}}