{"id":4,"date":"2015-02-06T15:21:42","date_gmt":"2015-02-06T15:21:42","guid":{"rendered":"https:\/\/club-d-affaires.de\/de\/?page_id=4"},"modified":"2026-03-15T09:13:03","modified_gmt":"2026-03-15T09:13:03","slug":"home","status":"publish","type":"page","link":"https:\/\/club-d-affaires.de\/de\/","title":{"rendered":"Willkommen"},"content":{"rendered":"<p>Sie arbeiten im deutsch-franz\u00f6sischen Umfeld? Sie haben ein Interesse f\u00fcr die deutsch-franz\u00f6sischen Wirtschaftsbeziehungen? Sie sind in einem Unternehmen aktiv, das auf beiden Seiten des Rheins t\u00e4tig ist? Oder haben Sie schlichtweg Interesse, sich mit anderen \u00fcber deutsch-franz\u00f6sische Themen auszutauschen?<\/p>\n<p>&nbsp;<\/p>\n<p>Dann sind Sie bei uns richtig.<\/p>\n<p>&nbsp;<\/p>\n<p>Im Mittelpunkt unserer Club-Aktivit\u00e4ten steht das <strong>Kontaktekn\u00fcpfen mit den anderen Mitgliedern und Veranstaltungsteilnehmern sowie der kommunikative Austausch im deutsch-franz\u00f6sischen Wirtschaftsumfeld.<\/strong><\/p>\n","protected":false},"excerpt":{"rendered":"<p>Sie arbeiten im deutsch-franz\u00f6sischen Umfeld? Sie haben ein Interesse f\u00fcr die deutsch-franz\u00f6sischen Wirtschaftsbeziehungen? Sie sind in einem Unternehmen aktiv, das auf beiden Seiten des Rheins t\u00e4tig ist? Oder haben Sie schlichtweg Interesse, sich mit anderen \u00fcber deutsch-franz\u00f6sische Themen auszutauschen? &nbsp; Dann sind Sie bei uns richtig. &nbsp; Im Mittelpunkt unserer Club-Aktivit\u00e4ten steht das Kontaktekn\u00fcpfen mit [&hellip;]<\/p>\n","protected":false},"author":1,"featured_media":0,"parent":0,"menu_order":1,"comment_status":"closed","ping_status":"closed","template":"tpl-accueil.php","meta":{"footnotes":""},"class_list":["post-4","page","type-page","status-publish","hentry"],"_links":{"self":[{"href":"https:\/\/club-d-affaires.de\/de\/wp-json\/wp\/v2\/pages\/4","targetHints":{"allow":["GET"]}}],"collection":[{"href":"https:\/\/club-d-affaires.de\/de\/wp-json\/wp\/v2\/pages"}],"about":[{"href":"https:\/\/club-d-affaires.de\/de\/wp-json\/wp\/v2\/types\/page"}],"author":[{"embeddable":true,"href":"https:\/\/club-d-affaires.de\/de\/wp-json\/wp\/v2\/users\/1"}],"replies":[{"embeddable":true,"href":"https:\/\/club-d-affaires.de\/de\/wp-json\/wp\/v2\/comments?post=4"}],"version-history":[{"count":5,"href":"https:\/\/club-d-affaires.de\/de\/wp-json\/wp\/v2\/pages\/4\/revisions"}],"predecessor-version":[{"id":53897,"href":"https:\/\/club-d-affaires.de\/de\/wp-json\/wp\/v2\/pages\/4\/revisions\/53897"}],"wp:attachment":[{"href":"https:\/\/club-d-affaires.de\/de\/wp-json\/wp\/v2\/media?parent=4"}],"curies":[{"name":"wp","href":"https:\/\/api.w.org\/{rel}","templated":true}]}}