{"id":26,"date":"2015-02-08T06:17:45","date_gmt":"2015-02-08T06:17:45","guid":{"rendered":"https:\/\/club-d-affaires.de\/fr\/?page_id=26"},"modified":"2025-11-29T09:28:02","modified_gmt":"2025-11-29T09:28:02","slug":"membres","status":"publish","type":"page","link":"https:\/\/club-d-affaires.de\/fr\/membres\/","title":{"rendered":"Membres"},"content":{"rendered":"<p>Le Club d&rsquo;affaires franco-allemand du Bade-Wurtemberg e. V. est apolitique et sans confession. Toute personne civile, \u00e2g\u00e9e de plus de 18 ans, pr\u00eate \u00e0 soutenir et promouvoir les objectifs du club, peut \u00eatre membre titulaire.<\/p>\n<p>&nbsp;<\/p>\n<p>Et, de la m\u00eame fa\u00e7on, si, en tant que propri\u00e9taire d&rsquo;une entreprise, cadre ou bien travailleur ind\u00e9pendant, vous vous int\u00e9ressez \u00e0 l&rsquo;\u00e9conomie, ou si en tant que particulier, vous cherchez des contacts franco-allemands en g\u00e9n\u00e9ral :<\/p>\n<p>&nbsp;<\/p>\n<p>soyez les bienvenus !<\/p>\n","protected":false},"excerpt":{"rendered":"<p>Le Club d&rsquo;affaires franco-allemand du Bade-Wurtemberg e. V. est apolitique et sans confession. Toute personne civile, \u00e2g\u00e9e de plus de 18 ans, pr\u00eate \u00e0 soutenir et promouvoir les objectifs du club, peut \u00eatre membre titulaire. &nbsp; Et, de la m\u00eame fa\u00e7on, si, en tant que propri\u00e9taire d&rsquo;une entreprise, cadre ou bien travailleur ind\u00e9pendant, vous vous [&hellip;]<\/p>\n","protected":false},"author":1,"featured_media":0,"parent":0,"menu_order":3,"comment_status":"closed","ping_status":"closed","template":"tpl-membres.php","meta":{"footnotes":""},"class_list":["post-26","page","type-page","status-publish","hentry"],"_links":{"self":[{"href":"https:\/\/club-d-affaires.de\/fr\/wp-json\/wp\/v2\/pages\/26","targetHints":{"allow":["GET"]}}],"collection":[{"href":"https:\/\/club-d-affaires.de\/fr\/wp-json\/wp\/v2\/pages"}],"about":[{"href":"https:\/\/club-d-affaires.de\/fr\/wp-json\/wp\/v2\/types\/page"}],"author":[{"embeddable":true,"href":"https:\/\/club-d-affaires.de\/fr\/wp-json\/wp\/v2\/users\/1"}],"replies":[{"embeddable":true,"href":"https:\/\/club-d-affaires.de\/fr\/wp-json\/wp\/v2\/comments?post=26"}],"version-history":[{"count":4,"href":"https:\/\/club-d-affaires.de\/fr\/wp-json\/wp\/v2\/pages\/26\/revisions"}],"predecessor-version":[{"id":51,"href":"https:\/\/club-d-affaires.de\/fr\/wp-json\/wp\/v2\/pages\/26\/revisions\/51"}],"wp:attachment":[{"href":"https:\/\/club-d-affaires.de\/fr\/wp-json\/wp\/v2\/media?parent=26"}],"curies":[{"name":"wp","href":"https:\/\/api.w.org\/{rel}","templated":true}]}}