{"id":32,"date":"2015-02-08T06:40:58","date_gmt":"2015-02-08T06:40:58","guid":{"rendered":"https:\/\/club-d-affaires.de\/fr\/?page_id=32"},"modified":"2025-09-05T11:14:44","modified_gmt":"2025-09-05T11:14:44","slug":"comite-directeur","status":"publish","type":"page","link":"https:\/\/club-d-affaires.de\/fr\/comite-directeur\/","title":{"rendered":"Comit\u00e9 directeur"},"content":{"rendered":"<p>Le comit\u00e9 directeur est responsable des activit\u00e9s du Club d&rsquo;affaires. Tous les membres du comit\u00e9 agissent sur la base du b\u00e9n\u00e9volat.<\/p>\n<p>Le comit\u00e9 se rencontre une fois par mois en moyenne. Ses t\u00e2ches sont les suivantes : organiser les diff\u00e9rentes\u00a0 manifestations, g\u00e9rer l&rsquo;adh\u00e9sion des membres et les finances et assurer l&rsquo;enti\u00e8re communication avec les membres, les institutions, la presse et toutes autres personnes cl\u00e9s.<\/p>\n","protected":false},"excerpt":{"rendered":"<p>Le comit\u00e9 directeur est responsable des activit\u00e9s du Club d&rsquo;affaires. Tous les membres du comit\u00e9 agissent sur la base du b\u00e9n\u00e9volat. Le comit\u00e9 se rencontre une fois par mois en moyenne. Ses t\u00e2ches sont les suivantes : organiser les diff\u00e9rentes\u00a0 manifestations, g\u00e9rer l&rsquo;adh\u00e9sion des membres et les finances et assurer l&rsquo;enti\u00e8re communication avec les membres, [&hellip;]<\/p>\n","protected":false},"author":1,"featured_media":0,"parent":0,"menu_order":9,"comment_status":"closed","ping_status":"closed","template":"tpl-comite-directeur.php","meta":{"footnotes":""},"class_list":["post-32","page","type-page","status-publish","hentry"],"_links":{"self":[{"href":"https:\/\/club-d-affaires.de\/fr\/wp-json\/wp\/v2\/pages\/32","targetHints":{"allow":["GET"]}}],"collection":[{"href":"https:\/\/club-d-affaires.de\/fr\/wp-json\/wp\/v2\/pages"}],"about":[{"href":"https:\/\/club-d-affaires.de\/fr\/wp-json\/wp\/v2\/types\/page"}],"author":[{"embeddable":true,"href":"https:\/\/club-d-affaires.de\/fr\/wp-json\/wp\/v2\/users\/1"}],"replies":[{"embeddable":true,"href":"https:\/\/club-d-affaires.de\/fr\/wp-json\/wp\/v2\/comments?post=32"}],"version-history":[{"count":3,"href":"https:\/\/club-d-affaires.de\/fr\/wp-json\/wp\/v2\/pages\/32\/revisions"}],"predecessor-version":[{"id":50,"href":"https:\/\/club-d-affaires.de\/fr\/wp-json\/wp\/v2\/pages\/32\/revisions\/50"}],"wp:attachment":[{"href":"https:\/\/club-d-affaires.de\/fr\/wp-json\/wp\/v2\/media?parent=32"}],"curies":[{"name":"wp","href":"https:\/\/api.w.org\/{rel}","templated":true}]}}