{"id":4,"date":"2015-02-06T15:20:49","date_gmt":"2015-02-06T15:20:49","guid":{"rendered":"https:\/\/club-d-affaires.de\/fr\/?page_id=4"},"modified":"2025-11-18T10:40:36","modified_gmt":"2025-11-18T10:40:36","slug":"accueil","status":"publish","type":"page","link":"https:\/\/club-d-affaires.de\/fr\/","title":{"rendered":"Accueil"},"content":{"rendered":"<p>Vous travaillez dans un environnement franco-allemand ? Les relations franco-allemandes vous int\u00e9ressent ? Votre entreprise est active des deux c\u00f4t\u00e9s du Rhin ? Ou encore, vous avez tout simplement envie d&rsquo;\u00e9changer avec d&rsquo;autres int\u00e9ress\u00e9s sur les th\u00e8mes actuels du franco-allemand ?<\/p>\n<p>&nbsp;<\/p>\n<p>Bienvenue au Club d&rsquo;Affaires franco-allemand du Bade Wurtemberg !<\/p>\n<p>&nbsp;<\/p>\n<p>Lors de nos manifestations, vous pourrez, entre autres : <strong>prendre contact avec les autres membres et participants dans un contexte d&rsquo;\u00e9change \u00e9conomique franco-allemand.<\/strong><\/p>\n","protected":false},"excerpt":{"rendered":"<p>Vous travaillez dans un environnement franco-allemand ? Les relations franco-allemandes vous int\u00e9ressent ? Votre entreprise est active des deux c\u00f4t\u00e9s du Rhin ? Ou encore, vous avez tout simplement envie d&rsquo;\u00e9changer avec d&rsquo;autres int\u00e9ress\u00e9s sur les th\u00e8mes actuels du franco-allemand ? &nbsp; Bienvenue au Club d&rsquo;Affaires franco-allemand du Bade Wurtemberg ! &nbsp; Lors de nos [&hellip;]<\/p>\n","protected":false},"author":1,"featured_media":0,"parent":0,"menu_order":1,"comment_status":"closed","ping_status":"closed","template":"tpl-accueil.php","meta":{"footnotes":""},"class_list":["post-4","page","type-page","status-publish","hentry"],"_links":{"self":[{"href":"https:\/\/club-d-affaires.de\/fr\/wp-json\/wp\/v2\/pages\/4","targetHints":{"allow":["GET"]}}],"collection":[{"href":"https:\/\/club-d-affaires.de\/fr\/wp-json\/wp\/v2\/pages"}],"about":[{"href":"https:\/\/club-d-affaires.de\/fr\/wp-json\/wp\/v2\/types\/page"}],"author":[{"embeddable":true,"href":"https:\/\/club-d-affaires.de\/fr\/wp-json\/wp\/v2\/users\/1"}],"replies":[{"embeddable":true,"href":"https:\/\/club-d-affaires.de\/fr\/wp-json\/wp\/v2\/comments?post=4"}],"version-history":[{"count":6,"href":"https:\/\/club-d-affaires.de\/fr\/wp-json\/wp\/v2\/pages\/4\/revisions"}],"predecessor-version":[{"id":11,"href":"https:\/\/club-d-affaires.de\/fr\/wp-json\/wp\/v2\/pages\/4\/revisions\/11"}],"wp:attachment":[{"href":"https:\/\/club-d-affaires.de\/fr\/wp-json\/wp\/v2\/media?parent=4"}],"curies":[{"name":"wp","href":"https:\/\/api.w.org\/{rel}","templated":true}]}}